{"id":12,"date":"2026-03-09T11:53:39","date_gmt":"2026-03-09T11:53:39","guid":{"rendered":"https:\/\/privategym.fsky.at\/?page_id=12"},"modified":"2026-03-17T12:18:55","modified_gmt":"2026-03-17T12:18:55","slug":"elementor-12","status":"publish","type":"page","link":"https:\/\/privategym.fsky.at\/","title":{"rendered":"FSKY &#8211; Private Gym"},"content":{"rendered":"\t\t<div data-elementor-type=\"wp-post\" data-elementor-id=\"12\" class=\"elementor elementor-12\">\n\t\t\t\t<div class=\"elementor-element elementor-element-658e42a e-flex e-con-boxed e-con e-parent\" data-id=\"658e42a\" data-element_type=\"container\" data-e-type=\"container\">\n\t\t\t\t\t<div class=\"e-con-inner\">\n\t\t\t\t<div class=\"elementor-element elementor-element-7cab045 elementor-widget__width-initial elementor-widget elementor-widget-image\" data-id=\"7cab045\" data-element_type=\"widget\" data-e-type=\"widget\" data-widget_type=\"image.default\">\n\t\t\t\t\t\t\t\t\t\t\t\t\t\t\t<img fetchpriority=\"high\" decoding=\"async\" width=\"800\" height=\"277\" src=\"https:\/\/privategym.fsky.at\/wp-content\/uploads\/2026\/03\/Gemeinsames-LOGO-1024x355.png\" class=\"attachment-large size-large wp-image-77\" alt=\"\" srcset=\"https:\/\/privategym.fsky.at\/wp-content\/uploads\/2026\/03\/Gemeinsames-LOGO-1024x355.png 1024w, https:\/\/privategym.fsky.at\/wp-content\/uploads\/2026\/03\/Gemeinsames-LOGO-300x104.png 300w, https:\/\/privategym.fsky.at\/wp-content\/uploads\/2026\/03\/Gemeinsames-LOGO-768x266.png 768w, https:\/\/privategym.fsky.at\/wp-content\/uploads\/2026\/03\/Gemeinsames-LOGO-1536x532.png 1536w, https:\/\/privategym.fsky.at\/wp-content\/uploads\/2026\/03\/Gemeinsames-LOGO-2048x710.png 2048w\" sizes=\"(max-width: 800px) 100vw, 800px\" \/>\t\t\t\t\t\t\t\t\t\t\t\t\t\t\t<\/div>\n\t\t\t\t\t<\/div>\n\t\t\t\t<\/div>\n\t\t<div class=\"elementor-element elementor-element-7f77eb9 e-flex e-con-boxed e-con e-parent\" data-id=\"7f77eb9\" data-element_type=\"container\" data-e-type=\"container\">\n\t\t\t\t\t<div class=\"e-con-inner\">\n\t\t\t\t<div class=\"elementor-element elementor-element-f7c07b6 elementor-widget elementor-widget-heading\" data-id=\"f7c07b6\" data-element_type=\"widget\" data-e-type=\"widget\" data-widget_type=\"heading.default\">\n\t\t\t\t\t<h5 class=\"elementor-heading-title elementor-size-default\">Wer sind wir?<\/h5>\t\t\t\t<\/div>\n\t\t\t\t<div class=\"elementor-element elementor-element-8897937 elementor-widget__width-initial elementor-widget-mobile__width-initial elementor-widget elementor-widget-text-editor\" data-id=\"8897937\" data-element_type=\"widget\" data-e-type=\"widget\" data-widget_type=\"text-editor.default\">\n\t\t\t\t\t\t\t\t\t<p>Wir sind ein privates Gym f\u00fcr Boxen, Muay Thai und Kickboxen und bieten professionelles Training f\u00fcr Kinder, Jugendliche und Erwachsene in Gruppen oder im Individuellen Einzelunterricht.<\/p>\n<p>Bei uns stehen Technik, Fitness, Disziplin und pers\u00f6nliche Weiterentwicklung im Mittelpunkt. Ganz gleich, ob Anf\u00e4nger oder Fortgeschrittene: Jedes Mitglied wird individuell gef\u00f6rdert und auf seinem eigenen sportlichen Weg begleitet.<\/p>\n<p>Ein besonderes Highlight unseres Gyms ist das pers\u00f6nliche Training durch den 16-fachen Weltmeister Franky Flash. Mit seiner Erfahrung, seinem Fachwissen und seiner Leidenschaft gibt er sein K\u00f6nnen direkt an unsere Mitglieder weiter und sorgt f\u00fcr h\u00f6chste Trainingsqualit\u00e4t.<\/p>\n<p>Unser Gym ist mehr als nur ein Trainingsort \u2013 es ist eine Gemeinschaft, in der Respekt, Motivation und Zusammenhalt gro\u00dfgeschrieben werden.<\/p>\t\t\t\t\t\t\t\t<\/div>\n\t\t\t\t<div class=\"elementor-element elementor-element-2e1e5ba elementor-widget elementor-widget-heading\" data-id=\"2e1e5ba\" data-element_type=\"widget\" data-e-type=\"widget\" data-widget_type=\"heading.default\">\n\t\t\t\t\t<h5 class=\"elementor-heading-title elementor-size-default\">Wof\u00fcr setzen wir uns ein?<\/h5>\t\t\t\t<\/div>\n\t\t\t\t<div class=\"elementor-element elementor-element-1da38bd elementor-widget__width-initial elementor-widget-mobile__width-initial elementor-widget elementor-widget-text-editor\" data-id=\"1da38bd\" data-element_type=\"widget\" data-e-type=\"widget\" data-widget_type=\"text-editor.default\">\n\t\t\t\t\t\t\t\t\t<p>Unsere Arbeit steht nicht nur f\u00fcr Qualit\u00e4t und Engagement, sondern auch f\u00fcr gesellschaftliche Verantwortung.<\/p>\n<p>Ein Teil unserer Einnahmen unterst\u00fctzt den Einsatz gegen Gewalt an Kindern und gegen sexuelle \u00dcbergriffe.<\/p>\n<p>Kinder haben ein Recht auf Schutz, Sicherheit und eine gewaltfreie Kindheit. Mit unserer Unterst\u00fctzung tragen wir dazu bei, Pr\u00e4ventionsarbeit zu st\u00e4rken, Betroffene zu unterst\u00fctzen und Aufkl\u00e4rungsprojekte<br>zu f\u00f6rdern.<\/p>\n<p>Wir sind \u00fcberzeugt: Wegsehen ist keine Option. Gemeinsam k\u00f6nnen wir dazu beitragen, Kinder zu sch\u00fctzen und ihre Rechte nachhaltig zu st\u00e4rken.<\/p>\t\t\t\t\t\t\t\t<\/div>\n\t\t\t\t<div class=\"elementor-element elementor-element-b4c08d2 elementor-widget elementor-widget-heading\" data-id=\"b4c08d2\" data-element_type=\"widget\" data-e-type=\"widget\" data-widget_type=\"heading.default\">\n\t\t\t\t\t<h5 class=\"elementor-heading-title elementor-size-default\">Wo findet man uns?<\/h5>\t\t\t\t<\/div>\n\t\t\t\t<div class=\"elementor-element elementor-element-b28b55e elementor-widget__width-initial elementor-widget-mobile__width-initial elementor-widget elementor-widget-text-editor\" data-id=\"b28b55e\" data-element_type=\"widget\" data-e-type=\"widget\" data-widget_type=\"text-editor.default\">\n\t\t\t\t\t\t\t\t\t<p>Unser Private Gym befindet sich in zentraler Lage und ist sowohl mit dem Auto als auch mit \u00f6ffentlichen Verkehrsmitteln bequem erreichbar.<\/p><p><strong>Adresse:<\/strong><br \/>Singerstra\u00dfe 16 Top1<br \/>1010 Wien<\/p><p><strong>Anfahrt mit dem Auto:<\/strong><br \/>Direkt vor Ort bzw. in unmittelbarer N\u00e4he stehen ausreichend Parkm\u00f6glichkeiten in den Parkgaragen<br \/>zur Verf\u00fcgung.<\/p><p><strong>\u00d6ffentliche Verkehrsmittel:<\/strong><br \/>Die n\u00e4chstgelegene U Bahnstation Stephansplatz U1\/U3 ist nur wenige Gehminuten entfernt.<\/p><p>Falls du uns zum ersten Mal besuchst, empfehlen wir dir, vorab einen Termin zu vereinbaren. So k\u00f6nnen wir sicherstellen, dass wir uns ausreichend Zeit f\u00fcr dich nehmen. Termine werden ausschlie\u00dflich telefonisch vereinbart.\u00a0<\/p><p>+43 676 603 73 33.<\/p><p>Wir freuen uns darauf, dich pers\u00f6nlich in unserem Private Gym begr\u00fc\u00dfen zu d\u00fcrfen.<\/p>\t\t\t\t\t\t\t\t<\/div>\n\t\t<div class=\"elementor-element elementor-element-f42f46a e-grid e-con-full e-con e-child\" data-id=\"f42f46a\" data-element_type=\"container\" data-e-type=\"container\">\n\t\t\t\t<div class=\"elementor-element elementor-element-f585394 elementor-widget elementor-widget-text-editor\" data-id=\"f585394\" data-element_type=\"widget\" data-e-type=\"widget\" data-widget_type=\"text-editor.default\">\n\t\t\t\t\t\t\t\t\t<p><strong><span style=\"color: #d89b01;\">Impressum<\/span><br \/><\/strong><br \/><strong>Firmensitz:<\/strong><br \/>Singerstra\u00dfe 16 Top1, 1010 Wien<\/p><p><strong>Unternehmensgegenstand:<\/strong><br \/>Boxen, Muay Thai und Kickboxstudio<\/p><p><strong>Kontakt<\/strong><br \/>Singerstra\u00dfe 16 Top1<br \/>1010 Wien<br \/>Tel: +43 676 603 73 33<br \/>Mail: privategym@fsky.at<\/p>\t\t\t\t\t\t\t\t<\/div>\n\t\t\t\t<div class=\"elementor-element elementor-element-fe7b154 elementor-widget elementor-widget-text-editor\" data-id=\"fe7b154\" data-element_type=\"widget\" data-e-type=\"widget\" data-widget_type=\"text-editor.default\">\n\t\t\t\t\t\t\t\t\t<p><strong>KONTAKTIEREN SIE UNS<\/strong><br \/><br \/>\n<div class=\"wpcf7 no-js\" id=\"wpcf7-f9-o1\" lang=\"de-DE\" dir=\"ltr\" data-wpcf7-id=\"9\">\n<div class=\"screen-reader-response\"><p role=\"status\" aria-live=\"polite\" aria-atomic=\"true\"><\/p> <ul><\/ul><\/div>\n<form action=\"\/index.php?rest_route=%2Fwp%2Fv2%2Fpages%2F12#wpcf7-f9-o1\" method=\"post\" class=\"wpcf7-form init\" aria-label=\"Kontaktformular\" novalidate=\"novalidate\" data-status=\"init\">\n<fieldset class=\"hidden-fields-container\"><input type=\"hidden\" name=\"_wpcf7\" value=\"9\" \/><input type=\"hidden\" name=\"_wpcf7_version\" value=\"6.1.5\" \/><input type=\"hidden\" name=\"_wpcf7_locale\" value=\"de_DE\" \/><input type=\"hidden\" name=\"_wpcf7_unit_tag\" value=\"wpcf7-f9-o1\" \/><input type=\"hidden\" name=\"_wpcf7_container_post\" value=\"0\" \/><input type=\"hidden\" name=\"_wpcf7_posted_data_hash\" value=\"\" \/>\n<\/fieldset>\n<p><label> Name<br \/>\n<span class=\"wpcf7-form-control-wrap\" data-name=\"your-name\"><input size=\"40\" maxlength=\"400\" class=\"wpcf7-form-control wpcf7-text wpcf7-validates-as-required\" autocomplete=\"name\" aria-required=\"true\" aria-invalid=\"false\" value=\"\" type=\"text\" name=\"your-name\" \/><\/span> <\/label>\n<\/p>\n<p><label> E-Mail<br \/>\n<span class=\"wpcf7-form-control-wrap\" data-name=\"your-email\"><input size=\"40\" maxlength=\"400\" class=\"wpcf7-form-control wpcf7-email wpcf7-validates-as-required wpcf7-text wpcf7-validates-as-email\" autocomplete=\"email\" aria-required=\"true\" aria-invalid=\"false\" value=\"\" type=\"email\" name=\"your-email\" \/><\/span> <\/label>\n<\/p>\n<p><label> Betreff<br \/>\n<span class=\"wpcf7-form-control-wrap\" data-name=\"your-subject\"><input size=\"40\" maxlength=\"400\" class=\"wpcf7-form-control wpcf7-text wpcf7-validates-as-required\" aria-required=\"true\" aria-invalid=\"false\" value=\"\" type=\"text\" name=\"your-subject\" \/><\/span> <\/label>\n<\/p>\n<p><label> Nachricht<br \/>\n<span class=\"wpcf7-form-control-wrap\" data-name=\"your-message\"><textarea cols=\"40\" rows=\"10\" maxlength=\"2000\" class=\"wpcf7-form-control wpcf7-textarea\" aria-invalid=\"false\" name=\"your-message\"><\/textarea><\/span> <\/label>\n<\/p>\n<p><input class=\"wpcf7-form-control wpcf7-submit has-spinner\" type=\"submit\" value=\"Senden\" \/>\n<\/p><div class=\"wpcf7-response-output\" aria-hidden=\"true\"><\/div>\n<\/form>\n<\/div>\n<\/p>\t\t\t\t\t\t\t\t<\/div>\n\t\t\t\t<\/div>\n\t\t\t\t\t<\/div>\n\t\t\t\t<\/div>\n\t\t<div class=\"elementor-element elementor-element-2ca2d8d e-flex e-con-boxed e-con e-parent\" data-id=\"2ca2d8d\" data-element_type=\"container\" data-e-type=\"container\">\n\t\t\t\t\t<div class=\"e-con-inner\">\n\t\t\t\t\t<\/div>\n\t\t\t\t<\/div>\n\t\t\t\t<\/div>\n\t\t","protected":false},"excerpt":{"rendered":"<p>Wer sind wir? Wir sind ein privates Gym f\u00fcr Boxen, Muay Thai und Kickboxen und bieten professionelles Training f\u00fcr Kinder, Jugendliche und Erwachsene in Gruppen oder im Individuellen Einzelunterricht. Bei uns stehen Technik, Fitness, Disziplin und pers\u00f6nliche Weiterentwicklung im Mittelpunkt. Ganz gleich, ob Anf\u00e4nger oder Fortgeschrittene: Jedes Mitglied wird individuell gef\u00f6rdert und auf seinem eigenen [&hellip;]<\/p>\n","protected":false},"author":1,"featured_media":0,"parent":0,"menu_order":0,"comment_status":"closed","ping_status":"closed","template":"","meta":{"footnotes":""},"class_list":["post-12","page","type-page","status-publish","hentry"],"_links":{"self":[{"href":"https:\/\/privategym.fsky.at\/index.php?rest_route=\/wp\/v2\/pages\/12","targetHints":{"allow":["GET"]}}],"collection":[{"href":"https:\/\/privategym.fsky.at\/index.php?rest_route=\/wp\/v2\/pages"}],"about":[{"href":"https:\/\/privategym.fsky.at\/index.php?rest_route=\/wp\/v2\/types\/page"}],"author":[{"embeddable":true,"href":"https:\/\/privategym.fsky.at\/index.php?rest_route=\/wp\/v2\/users\/1"}],"replies":[{"embeddable":true,"href":"https:\/\/privategym.fsky.at\/index.php?rest_route=%2Fwp%2Fv2%2Fcomments&post=12"}],"version-history":[{"count":67,"href":"https:\/\/privategym.fsky.at\/index.php?rest_route=\/wp\/v2\/pages\/12\/revisions"}],"predecessor-version":[{"id":101,"href":"https:\/\/privategym.fsky.at\/index.php?rest_route=\/wp\/v2\/pages\/12\/revisions\/101"}],"wp:attachment":[{"href":"https:\/\/privategym.fsky.at\/index.php?rest_route=%2Fwp%2Fv2%2Fmedia&parent=12"}],"curies":[{"name":"wp","href":"https:\/\/api.w.org\/{rel}","templated":true}]}}